{"id":1059,"date":"2023-05-22T14:24:24","date_gmt":"2023-05-22T12:24:24","guid":{"rendered":"https:\/\/ifo.kompetenzchecks.at\/jejak\/"},"modified":"2023-11-28T16:37:52","modified_gmt":"2023-11-28T15:37:52","slug":"jejak","status":"publish","type":"page","link":"https:\/\/ifo.kompetenzchecks.at\/id\/jejak\/","title":{"rendered":"jejak"},"content":{"rendered":"\t\t<div data-elementor-type=\"wp-page\" data-elementor-id=\"1059\" class=\"elementor elementor-1059 elementor-604\" data-elementor-post-type=\"page\">\n\t\t\t\t<div class=\"elementor-element elementor-element-66320b4 e-con-full e-flex e-con e-parent\" data-id=\"66320b4\" data-element_type=\"container\">\n\t\t<div class=\"elementor-element elementor-element-6033744 e-flex e-con-boxed e-con e-parent\" data-id=\"6033744\" data-element_type=\"container\">\n\t\t\t\t\t<div class=\"e-con-inner\">\n\t\t\t\t<div class=\"elementor-element elementor-element-b3fd74e elementor-widget elementor-widget-image\" data-id=\"b3fd74e\" data-element_type=\"widget\" data-widget_type=\"image.default\">\n\t\t\t\t<div class=\"elementor-widget-container\">\n\t\t\t\t\t\t\t\t\t\t\t\t\t\t\t<img fetchpriority=\"high\" decoding=\"async\" width=\"800\" height=\"534\" src=\"https:\/\/ifo.kompetenzchecks.at\/wp-content\/uploads\/2023\/05\/AdobeStock_567090547-1024x684.jpeg\" class=\"attachment-large size-large wp-image-542\" alt=\"\" srcset=\"https:\/\/ifo.kompetenzchecks.at\/wp-content\/uploads\/2023\/05\/AdobeStock_567090547-1024x684.jpeg 1024w, https:\/\/ifo.kompetenzchecks.at\/wp-content\/uploads\/2023\/05\/AdobeStock_567090547-300x200.jpeg 300w, https:\/\/ifo.kompetenzchecks.at\/wp-content\/uploads\/2023\/05\/AdobeStock_567090547-768x513.jpeg 768w, https:\/\/ifo.kompetenzchecks.at\/wp-content\/uploads\/2023\/05\/AdobeStock_567090547-1536x1025.jpeg 1536w, https:\/\/ifo.kompetenzchecks.at\/wp-content\/uploads\/2023\/05\/AdobeStock_567090547-2048x1367.jpeg 2048w\" sizes=\"(max-width: 800px) 100vw, 800px\" \/>\t\t\t\t\t\t\t\t\t\t\t\t\t\t\t<\/div>\n\t\t\t\t<\/div>\n\t\t\t\t\t<\/div>\n\t\t\t\t<\/div>\n\t\t<div class=\"elementor-element elementor-element-d36bb19 e-flex e-con-boxed e-con e-parent\" data-id=\"d36bb19\" data-element_type=\"container\">\n\t\t\t\t\t<div class=\"e-con-inner\">\n\t\t\t\t<div class=\"elementor-element elementor-element-e88aa31 elementor-widget elementor-widget-image\" data-id=\"e88aa31\" data-element_type=\"widget\" data-widget_type=\"image.default\">\n\t\t\t\t<div class=\"elementor-widget-container\">\n\t\t\t\t\t\t\t\t\t\t\t\t\t\t\t<img decoding=\"async\" width=\"800\" height=\"532\" data-src=\"https:\/\/ifo.kompetenzchecks.at\/wp-content\/uploads\/2023\/05\/AdobeStock_103762316-1024x681.jpeg\" class=\"attachment-large size-large wp-image-545 lazyload\" alt=\"\" data-srcset=\"https:\/\/ifo.kompetenzchecks.at\/wp-content\/uploads\/2023\/05\/AdobeStock_103762316-1024x681.jpeg 1024w, https:\/\/ifo.kompetenzchecks.at\/wp-content\/uploads\/2023\/05\/AdobeStock_103762316-300x200.jpeg 300w, https:\/\/ifo.kompetenzchecks.at\/wp-content\/uploads\/2023\/05\/AdobeStock_103762316-768x511.jpeg 768w, https:\/\/ifo.kompetenzchecks.at\/wp-content\/uploads\/2023\/05\/AdobeStock_103762316-1536x1022.jpeg 1536w, https:\/\/ifo.kompetenzchecks.at\/wp-content\/uploads\/2023\/05\/AdobeStock_103762316-2048x1363.jpeg 2048w\" data-sizes=\"(max-width: 800px) 100vw, 800px\" src=\"data:image\/svg+xml;base64,PHN2ZyB3aWR0aD0iMSIgaGVpZ2h0PSIxIiB4bWxucz0iaHR0cDovL3d3dy53My5vcmcvMjAwMC9zdmciPjwvc3ZnPg==\" style=\"--smush-placeholder-width: 800px; --smush-placeholder-aspect-ratio: 800\/532;\" \/>\t\t\t\t\t\t\t\t\t\t\t\t\t\t\t<\/div>\n\t\t\t\t<\/div>\n\t\t\t\t\t<\/div>\n\t\t\t\t<\/div>\n\t\t<div class=\"elementor-element elementor-element-23bf811 e-flex e-con-boxed e-con e-parent\" data-id=\"23bf811\" data-element_type=\"container\">\n\t\t\t\t\t<div class=\"e-con-inner\">\n\t\t\t\t<div class=\"elementor-element elementor-element-cbc15b5 elementor-widget elementor-widget-image\" data-id=\"cbc15b5\" data-element_type=\"widget\" data-widget_type=\"image.default\">\n\t\t\t\t<div class=\"elementor-widget-container\">\n\t\t\t\t\t\t\t\t\t\t\t\t\t\t\t<img decoding=\"async\" width=\"800\" height=\"532\" data-src=\"https:\/\/ifo.kompetenzchecks.at\/wp-content\/uploads\/2023\/05\/AdobeStock_487581456-1024x681.jpeg\" class=\"attachment-large size-large wp-image-539 lazyload\" alt=\"\" data-srcset=\"https:\/\/ifo.kompetenzchecks.at\/wp-content\/uploads\/2023\/05\/AdobeStock_487581456-1024x681.jpeg 1024w, https:\/\/ifo.kompetenzchecks.at\/wp-content\/uploads\/2023\/05\/AdobeStock_487581456-300x200.jpeg 300w, https:\/\/ifo.kompetenzchecks.at\/wp-content\/uploads\/2023\/05\/AdobeStock_487581456-768x511.jpeg 768w, https:\/\/ifo.kompetenzchecks.at\/wp-content\/uploads\/2023\/05\/AdobeStock_487581456-1536x1022.jpeg 1536w, https:\/\/ifo.kompetenzchecks.at\/wp-content\/uploads\/2023\/05\/AdobeStock_487581456-2048x1363.jpeg 2048w\" data-sizes=\"(max-width: 800px) 100vw, 800px\" src=\"data:image\/svg+xml;base64,PHN2ZyB3aWR0aD0iMSIgaGVpZ2h0PSIxIiB4bWxucz0iaHR0cDovL3d3dy53My5vcmcvMjAwMC9zdmciPjwvc3ZnPg==\" style=\"--smush-placeholder-width: 800px; --smush-placeholder-aspect-ratio: 800\/532;\" \/>\t\t\t\t\t\t\t\t\t\t\t\t\t\t\t<\/div>\n\t\t\t\t<\/div>\n\t\t\t\t\t<\/div>\n\t\t\t\t<\/div>\n\t\t\t\t<\/div>\n\t\t\t\t<section class=\"elementor-section elementor-top-section elementor-element elementor-element-19afc139 elementor-section-boxed elementor-section-height-default elementor-section-height-default\" data-id=\"19afc139\" data-element_type=\"section\">\n\t\t\t\t\t\t<div class=\"elementor-container elementor-column-gap-default\">\n\t\t\t\t\t<div class=\"elementor-column elementor-col-100 elementor-top-column elementor-element elementor-element-443741e8\" data-id=\"443741e8\" data-element_type=\"column\">\n\t\t\t<div class=\"elementor-widget-wrap elementor-element-populated\">\n\t\t\t\t\t\t<div class=\"elementor-element elementor-element-5cb5182e elementor-widget elementor-widget-heading\" data-id=\"5cb5182e\" data-element_type=\"widget\" data-widget_type=\"heading.default\">\n\t\t\t\t<div class=\"elementor-widget-container\">\n\t\t\t\t\t<h1 class=\"elementor-heading-title elementor-size-default\">jejak<\/h1>\t\t\t\t<\/div>\n\t\t\t\t<\/div>\n\t\t\t\t<div class=\"elementor-element elementor-element-a7b1069 elementor-widget elementor-widget-text-editor\" data-id=\"a7b1069\" data-element_type=\"widget\" data-widget_type=\"text-editor.default\">\n\t\t\t\t<div class=\"elementor-widget-container\">\n\t\t\t\t\t\t\t\t\t<\/p>\n<p><strong>Wirtschaftskammer \u00d6sterreich (WK\u00d6)<\/strong><\/p>\n<p>Internationale Fachkr\u00e4fte-Offensive (IFO)<\/p>\n<p>Wiedner Hauptstra\u00dfe 63 | A-1045<\/p>\n<p><a href=\"mailto:ifo@wko.at\">ifo@wko.at<\/a><\/p>\n<p><a href=\"https:\/\/www.wko.at\/ifo\" target=\"_blank\" rel=\"noopener\">https:\/\/www.wko.at\/ifo<\/a><\/p>\n\t\t\t\t\t\t\t\t<\/div>\n\t\t\t\t<\/div>\n\t\t\t\t\t<\/div>\n\t\t<\/div>\n\t\t\t\t\t<\/div>\n\t\t<\/section>\n\t\t\t\t<\/div>\n\t\t","protected":false},"excerpt":{"rendered":"<p>jejak Wirtschaftskammer \u00d6sterreich (WK\u00d6) Internationale Fachkr\u00e4fte-Offensive (IFO) Wiedner Hauptstra\u00dfe 63 | A-1045 ifo@wko.at https:\/\/www.wko.at\/ifo<\/p>\n","protected":false},"author":8,"featured_media":0,"parent":0,"menu_order":0,"comment_status":"closed","ping_status":"closed","template":"","meta":{"footnotes":""},"class_list":["post-1059","page","type-page","status-publish","hentry"],"_links":{"self":[{"href":"https:\/\/ifo.kompetenzchecks.at\/id\/wp-json\/wp\/v2\/pages\/1059","targetHints":{"allow":["GET"]}}],"collection":[{"href":"https:\/\/ifo.kompetenzchecks.at\/id\/wp-json\/wp\/v2\/pages"}],"about":[{"href":"https:\/\/ifo.kompetenzchecks.at\/id\/wp-json\/wp\/v2\/types\/page"}],"author":[{"embeddable":true,"href":"https:\/\/ifo.kompetenzchecks.at\/id\/wp-json\/wp\/v2\/users\/8"}],"replies":[{"embeddable":true,"href":"https:\/\/ifo.kompetenzchecks.at\/id\/wp-json\/wp\/v2\/comments?post=1059"}],"version-history":[{"count":3,"href":"https:\/\/ifo.kompetenzchecks.at\/id\/wp-json\/wp\/v2\/pages\/1059\/revisions"}],"predecessor-version":[{"id":1062,"href":"https:\/\/ifo.kompetenzchecks.at\/id\/wp-json\/wp\/v2\/pages\/1059\/revisions\/1062"}],"wp:attachment":[{"href":"https:\/\/ifo.kompetenzchecks.at\/id\/wp-json\/wp\/v2\/media?parent=1059"}],"curies":[{"name":"wp","href":"https:\/\/api.w.org\/{rel}","templated":true}]}}