{"id":835,"date":"2023-02-07T14:49:03","date_gmt":"2023-02-07T13:49:03","guid":{"rendered":"https:\/\/ifo.kompetenzchecks.at\/e-ardhmja-juaj-ne-austri\/"},"modified":"2023-07-21T14:10:02","modified_gmt":"2023-07-21T12:10:02","slug":"e-ardhmja-juaj-ne-austri","status":"publish","type":"page","link":"https:\/\/ifo.kompetenzchecks.at\/sq\/","title":{"rendered":"E ardhmja juaj n\u00eb Austri"},"content":{"rendered":"\t\t<div data-elementor-type=\"wp-page\" data-elementor-id=\"835\" class=\"elementor elementor-835 elementor-11\" data-elementor-post-type=\"page\">\n\t\t\t\t<div class=\"elementor-element elementor-element-66320b4 e-con-full e-flex e-con e-parent\" data-id=\"66320b4\" data-element_type=\"container\">\n\t\t<div class=\"elementor-element elementor-element-6033744 e-flex e-con-boxed e-con e-parent\" data-id=\"6033744\" data-element_type=\"container\">\n\t\t\t\t\t<div class=\"e-con-inner\">\n\t\t\t\t<div class=\"elementor-element elementor-element-b3fd74e elementor-widget elementor-widget-image\" data-id=\"b3fd74e\" data-element_type=\"widget\" data-widget_type=\"image.default\">\n\t\t\t\t<div class=\"elementor-widget-container\">\n\t\t\t\t\t\t\t\t\t\t\t\t\t\t\t<img fetchpriority=\"high\" decoding=\"async\" width=\"800\" height=\"534\" src=\"https:\/\/ifo.kompetenzchecks.at\/wp-content\/uploads\/2023\/05\/AdobeStock_567090547-1024x684.jpeg\" class=\"attachment-large size-large wp-image-543\" alt=\"\" srcset=\"https:\/\/ifo.kompetenzchecks.at\/wp-content\/uploads\/2023\/05\/AdobeStock_567090547-1024x684.jpeg 1024w, https:\/\/ifo.kompetenzchecks.at\/wp-content\/uploads\/2023\/05\/AdobeStock_567090547-300x200.jpeg 300w, https:\/\/ifo.kompetenzchecks.at\/wp-content\/uploads\/2023\/05\/AdobeStock_567090547-768x513.jpeg 768w, https:\/\/ifo.kompetenzchecks.at\/wp-content\/uploads\/2023\/05\/AdobeStock_567090547-1536x1025.jpeg 1536w, https:\/\/ifo.kompetenzchecks.at\/wp-content\/uploads\/2023\/05\/AdobeStock_567090547-2048x1367.jpeg 2048w\" sizes=\"(max-width: 800px) 100vw, 800px\" \/>\t\t\t\t\t\t\t\t\t\t\t\t\t\t\t<\/div>\n\t\t\t\t<\/div>\n\t\t\t\t\t<\/div>\n\t\t\t\t<\/div>\n\t\t<div class=\"elementor-element elementor-element-d36bb19 e-flex e-con-boxed e-con e-parent\" data-id=\"d36bb19\" data-element_type=\"container\">\n\t\t\t\t\t<div class=\"e-con-inner\">\n\t\t\t\t<div class=\"elementor-element elementor-element-e88aa31 elementor-widget elementor-widget-image\" data-id=\"e88aa31\" data-element_type=\"widget\" data-widget_type=\"image.default\">\n\t\t\t\t<div class=\"elementor-widget-container\">\n\t\t\t\t\t\t\t\t\t\t\t\t\t\t\t<img decoding=\"async\" width=\"800\" height=\"532\" data-src=\"https:\/\/ifo.kompetenzchecks.at\/wp-content\/uploads\/2023\/05\/AdobeStock_103762316-1024x681.jpeg\" class=\"attachment-large size-large wp-image-546 lazyload\" alt=\"\" data-srcset=\"https:\/\/ifo.kompetenzchecks.at\/wp-content\/uploads\/2023\/05\/AdobeStock_103762316-1024x681.jpeg 1024w, https:\/\/ifo.kompetenzchecks.at\/wp-content\/uploads\/2023\/05\/AdobeStock_103762316-300x200.jpeg 300w, https:\/\/ifo.kompetenzchecks.at\/wp-content\/uploads\/2023\/05\/AdobeStock_103762316-768x511.jpeg 768w, https:\/\/ifo.kompetenzchecks.at\/wp-content\/uploads\/2023\/05\/AdobeStock_103762316-1536x1022.jpeg 1536w, https:\/\/ifo.kompetenzchecks.at\/wp-content\/uploads\/2023\/05\/AdobeStock_103762316-2048x1363.jpeg 2048w\" data-sizes=\"(max-width: 800px) 100vw, 800px\" src=\"data:image\/svg+xml;base64,PHN2ZyB3aWR0aD0iMSIgaGVpZ2h0PSIxIiB4bWxucz0iaHR0cDovL3d3dy53My5vcmcvMjAwMC9zdmciPjwvc3ZnPg==\" style=\"--smush-placeholder-width: 800px; --smush-placeholder-aspect-ratio: 800\/532;\" \/>\t\t\t\t\t\t\t\t\t\t\t\t\t\t\t<\/div>\n\t\t\t\t<\/div>\n\t\t\t\t\t<\/div>\n\t\t\t\t<\/div>\n\t\t<div class=\"elementor-element elementor-element-23bf811 e-flex e-con-boxed e-con e-parent\" data-id=\"23bf811\" data-element_type=\"container\">\n\t\t\t\t\t<div class=\"e-con-inner\">\n\t\t\t\t<div class=\"elementor-element elementor-element-cbc15b5 elementor-widget elementor-widget-image\" data-id=\"cbc15b5\" data-element_type=\"widget\" data-widget_type=\"image.default\">\n\t\t\t\t<div class=\"elementor-widget-container\">\n\t\t\t\t\t\t\t\t\t\t\t\t\t\t\t<img decoding=\"async\" width=\"800\" height=\"532\" data-src=\"https:\/\/ifo.kompetenzchecks.at\/wp-content\/uploads\/2023\/05\/AdobeStock_487581456-1024x681.jpeg\" class=\"attachment-large size-large wp-image-540 lazyload\" alt=\"\" data-srcset=\"https:\/\/ifo.kompetenzchecks.at\/wp-content\/uploads\/2023\/05\/AdobeStock_487581456-1024x681.jpeg 1024w, https:\/\/ifo.kompetenzchecks.at\/wp-content\/uploads\/2023\/05\/AdobeStock_487581456-300x200.jpeg 300w, https:\/\/ifo.kompetenzchecks.at\/wp-content\/uploads\/2023\/05\/AdobeStock_487581456-768x511.jpeg 768w, https:\/\/ifo.kompetenzchecks.at\/wp-content\/uploads\/2023\/05\/AdobeStock_487581456-1536x1022.jpeg 1536w, https:\/\/ifo.kompetenzchecks.at\/wp-content\/uploads\/2023\/05\/AdobeStock_487581456-2048x1363.jpeg 2048w\" data-sizes=\"(max-width: 800px) 100vw, 800px\" src=\"data:image\/svg+xml;base64,PHN2ZyB3aWR0aD0iMSIgaGVpZ2h0PSIxIiB4bWxucz0iaHR0cDovL3d3dy53My5vcmcvMjAwMC9zdmciPjwvc3ZnPg==\" style=\"--smush-placeholder-width: 800px; --smush-placeholder-aspect-ratio: 800\/532;\" \/>\t\t\t\t\t\t\t\t\t\t\t\t\t\t\t<\/div>\n\t\t\t\t<\/div>\n\t\t\t\t\t<\/div>\n\t\t\t\t<\/div>\n\t\t\t\t<\/div>\n\t\t\t\t<section class=\"elementor-section elementor-top-section elementor-element elementor-element-19afc139 elementor-section-boxed elementor-section-height-default elementor-section-height-default\" data-id=\"19afc139\" data-element_type=\"section\">\n\t\t\t\t\t\t<div class=\"elementor-container elementor-column-gap-default\">\n\t\t\t\t\t<div class=\"elementor-column elementor-col-100 elementor-top-column elementor-element elementor-element-443741e8\" data-id=\"443741e8\" data-element_type=\"column\">\n\t\t\t<div class=\"elementor-widget-wrap elementor-element-populated\">\n\t\t\t\t\t\t<div class=\"elementor-element elementor-element-5cb5182e elementor-widget elementor-widget-heading\" data-id=\"5cb5182e\" data-element_type=\"widget\" data-widget_type=\"heading.default\">\n\t\t\t\t<div class=\"elementor-widget-container\">\n\t\t\t\t\t<h1 class=\"elementor-heading-title elementor-size-default\">E ardhmja juaj n\u00eb Austri\n<\/h1>\t\t\t\t<\/div>\n\t\t\t\t<\/div>\n\t\t\t\t<div class=\"elementor-element elementor-element-a7b1069 elementor-widget elementor-widget-text-editor\" data-id=\"a7b1069\" data-element_type=\"widget\" data-widget_type=\"text-editor.default\">\n\t\t\t\t<div class=\"elementor-widget-container\">\n\t\t\t\t\t\t\t\t\t<h2><strong>Vet\u00ebvler\u00ebsimi juaj p\u00ebr t\u00eb jetuar dhe punuar n\u00eb Austri<\/strong><\/h2>\n<p><strong>Austria ndodhet n\u00eb qend\u00ebr t\u00eb Evrop\u00ebs me rreth 9 milion\u00eb banor\u00eb dhe \u00ebsht\u00eb nj\u00eb nga vendet me cil\u00ebsin\u00eb m\u00eb t\u00eb lart\u00eb t\u00eb jetes\u00ebs.<\/strong><\/p>\n<p>Keni koh\u00eb q\u00eb mendoni ta kaloni vendbanimin tuaj jasht\u00eb vendit?<\/p>\n<p>Ia vlen t\u00eb jetosh dhe t\u00eb punosh n\u00eb Austri, pasi nd\u00ebr t\u00eb tjera t\u00eb ofron dhe shum\u00eb avantazhe:<\/p>\n<div>\n<ul>\n<li>Kushte t\u00eb mira pune<\/li>\n<li>Paga mbi mesataren<\/li>\n<li>Sigurime shoq\u00ebrore dhe nj\u00eb sistem t\u00eb mir\u00ebzhvilluar kujdesi sh\u00ebndet\u00ebsor<\/li>\n<li>Bukuri natyrore dhe pasuri kulturore<\/li>\n<\/ul>\n<p>A jeni gati p\u00ebr Austrin\u00eb? Ne ju mb\u00ebshtesim gjat\u00eb rrug\u00ebtimit tuaj!<\/p>\n<\/div>\n<div>Klikoni k\u00ebtu dhe provoni pa detyrime n\u00ebse jeni tashm\u00eb gati p\u00ebr k\u00ebt\u00eb hap.<\/div>\n\t\t\t\t\t\t\t\t<\/div>\n\t\t\t\t<\/div>\n\t\t\t\t<div class=\"elementor-element elementor-element-3233e25 elementor-align-left elementor-mobile-align-center elementor-widget elementor-widget-button\" data-id=\"3233e25\" data-element_type=\"widget\" data-widget_type=\"button.default\">\n\t\t\t\t<div class=\"elementor-widget-container\">\n\t\t\t\t\t\t\t\t\t<div class=\"elementor-button-wrapper\">\n\t\t\t\t\t<a class=\"elementor-button elementor-button-link elementor-size-sm\" href=\"#ah2w_check_box(motivationscheck)\">\n\t\t\t\t\t\t<span class=\"elementor-button-content-wrapper\">\n\t\t\t\t\t\t\t\t\t<span class=\"elementor-button-text\">Vet\u00ebvler\u00ebsimi<\/span>\n\t\t\t\t\t<\/span>\n\t\t\t\t\t<\/a>\n\t\t\t\t<\/div>\n\t\t\t\t\t\t\t\t<\/div>\n\t\t\t\t<\/div>\n\t\t\t\t\t<\/div>\n\t\t<\/div>\n\t\t\t\t\t<\/div>\n\t\t<\/section>\n\t\t\t\t<section class=\"elementor-section elementor-top-section elementor-element elementor-element-a0e113c ah2w--hide-on-logged-in elementor-section-boxed elementor-section-height-default elementor-section-height-default\" data-id=\"a0e113c\" data-element_type=\"section\" data-settings=\"{&quot;background_background&quot;:&quot;classic&quot;}\">\n\t\t\t\t\t\t<div class=\"elementor-container elementor-column-gap-default\">\n\t\t\t\t\t<div class=\"elementor-column elementor-col-100 elementor-top-column elementor-element elementor-element-9742763\" data-id=\"9742763\" data-element_type=\"column\">\n\t\t\t<div class=\"elementor-widget-wrap elementor-element-populated\">\n\t\t\t\t\t\t<div class=\"elementor-element elementor-element-49acc69 elementor-widget elementor-widget-text-editor\" data-id=\"49acc69\" data-element_type=\"widget\" data-widget_type=\"text-editor.default\">\n\t\t\t\t<div class=\"elementor-widget-container\">\n\t\t\t\t\t\t\t\t\t<div id=\"main\">\n<div id=\"container\">\n<div id=\"brains\">\n<div>\n<h2>N\u00eb Austri po k\u00ebrkohen specialist\u00eb p\u00ebr profesionin e teknologjis\u00eb s\u00eb instalimeve elektrike. A keni arsim n\u00eb k\u00ebt\u00eb fush\u00eb? Keni nj\u00eb trajnim n\u00eb k\u00ebt\u00eb fush\u00eb?<\/h2>\n<\/div>\n<div>\n<p>Krijoni profilin tuaj sot dhe kontaktoni me kompanit\u00eb austriake.<\/p>\n<\/div>\n<div>\n<p><strong>Hapat e ardhsh\u00ebm:<\/strong><\/p>\n<\/div>\n<div>\n<ul>\n<li>\n<p>Regjistrohuni<br \/>Regjistrohuni tani dhe krijoni profilin tuaj personal<\/p>\n<\/li>\n<li>\n<p>KompetenzCheck<br \/>\u00c7far\u00eb njohurish profesionale keni n\u00eb fush\u00ebn e teknologjis\u00eb s\u00eb instalimeve elektrike?<\/p>\n<\/li>\n<li>\n<p>CV <br \/>Ngarkoni CV-n\u00eb tuaj aktuale.<\/p>\n<\/li>\n<li>\n<p>Shp\u00ebrndani profilin tuaj<br \/>Kompanit\u00eb austriake dhe\/ose rekrutuesit do t&#8217;ju kontaktojn\u00eb.<\/p>\n<\/li>\n<\/ul>\n<\/div>\n<\/div>\n<\/div>\n<\/div>\n\t\t\t\t\t\t\t\t<\/div>\n\t\t\t\t<\/div>\n\t\t\t\t<div class=\"elementor-element elementor-element-5cc6076 elementor-mobile-align-center elementor-widget elementor-widget-button\" data-id=\"5cc6076\" data-element_type=\"widget\" data-widget_type=\"button.default\">\n\t\t\t\t<div class=\"elementor-widget-container\">\n\t\t\t\t\t\t\t\t\t<div class=\"elementor-button-wrapper\">\n\t\t\t\t\t<a class=\"elementor-button elementor-button-link elementor-size-sm\" href=\"#ah2w_register\">\n\t\t\t\t\t\t<span class=\"elementor-button-content-wrapper\">\n\t\t\t\t\t\t\t\t\t<span class=\"elementor-button-text\">Regjistrohuni tani<\/span>\n\t\t\t\t\t<\/span>\n\t\t\t\t\t<\/a>\n\t\t\t\t<\/div>\n\t\t\t\t\t\t\t\t<\/div>\n\t\t\t\t<\/div>\n\t\t\t\t\t<\/div>\n\t\t<\/div>\n\t\t\t\t\t<\/div>\n\t\t<\/section>\n\t\t\t\t<section class=\"elementor-section elementor-top-section elementor-element elementor-element-713303a ah2w--hide-on-logged-out elementor-section-boxed elementor-section-height-default elementor-section-height-default\" data-id=\"713303a\" data-element_type=\"section\" data-settings=\"{&quot;background_background&quot;:&quot;classic&quot;}\">\n\t\t\t\t\t\t<div class=\"elementor-container elementor-column-gap-default\">\n\t\t\t\t\t<div class=\"elementor-column elementor-col-100 elementor-top-column elementor-element elementor-element-7e5f0f5\" data-id=\"7e5f0f5\" data-element_type=\"column\">\n\t\t\t<div class=\"elementor-widget-wrap elementor-element-populated\">\n\t\t\t\t\t\t<div class=\"elementor-element elementor-element-3db0000 elementor-widget elementor-widget-text-editor\" data-id=\"3db0000\" data-element_type=\"widget\" data-widget_type=\"text-editor.default\">\n\t\t\t\t<div class=\"elementor-widget-container\">\n\t\t\t\t\t\t\t\t\t<div id=\"main\">\n<div id=\"container\">\n<div id=\"brains\">\n<div>\n<h2>N\u00eb Austri po k\u00ebrkohen specialist\u00eb p\u00ebr profesionin e teknologjis\u00eb s\u00eb instalimeve elektrike. A keni arsim n\u00eb k\u00ebt\u00eb fush\u00eb? N\u00eb k\u00ebt\u00eb fush\u00eb keni ndjekur ndonj\u00eb trajnim?<\/h2>\n<\/div>\n<div>\n<p>Plot\u00ebsoni profilin tuaj sot!<\/p>\n<\/div>\n<div>\n<p><strong>Hapat e ardhsh\u00ebm:<\/strong><\/p>\n<\/div>\n<div>\n<ul>\n<li>\n<p>KompetenzCheck<br \/>\u00c7far\u00eb njohurish profesionale keni n\u00eb fush\u00ebn e teknologjis\u00eb s\u00eb instalimeve elektrike?<\/p>\n<\/li>\n<li>\n<p>CV <br \/>Ngarkoni CV-n\u00eb tuaj aktuale.<\/p>\n<\/li>\n<li>\n<p>Shp\u00ebrndani profilin tuaj<br \/>Kompanit\u00eb austriake dhe\/ose rekrutuesit do t&#8217;ju kontaktojn\u00eb.<\/p>\n<\/li>\n<\/ul>\n<\/div>\n<\/div>\n<\/div>\n<\/div>\n\t\t\t\t\t\t\t\t<\/div>\n\t\t\t\t<\/div>\n\t\t\t\t<div class=\"elementor-element elementor-element-0947358 elementor-align-left elementor-mobile-align-center elementor-widget elementor-widget-button\" data-id=\"0947358\" data-element_type=\"widget\" data-widget_type=\"button.default\">\n\t\t\t\t<div class=\"elementor-widget-container\">\n\t\t\t\t\t\t\t\t\t<div class=\"elementor-button-wrapper\">\n\t\t\t\t\t<a class=\"elementor-button elementor-button-link elementor-size-sm\" href=\"#ah2w_gotoProfil\">\n\t\t\t\t\t\t<span class=\"elementor-button-content-wrapper\">\n\t\t\t\t\t\t\t\t\t<span class=\"elementor-button-text\">Shkoni te profili<\/span>\n\t\t\t\t\t<\/span>\n\t\t\t\t\t<\/a>\n\t\t\t\t<\/div>\n\t\t\t\t\t\t\t\t<\/div>\n\t\t\t\t<\/div>\n\t\t\t\t\t<\/div>\n\t\t<\/div>\n\t\t\t\t\t<\/div>\n\t\t<\/section>\n\t\t\t\t<\/div>\n\t\t","protected":false},"excerpt":{"rendered":"<p>E ardhmja juaj n\u00eb Austri Vet\u00ebvler\u00ebsimi juaj p\u00ebr t\u00eb jetuar dhe punuar n\u00eb Austri Austria ndodhet n\u00eb qend\u00ebr t\u00eb Evrop\u00ebs me rreth 9 milion\u00eb banor\u00eb dhe \u00ebsht\u00eb nj\u00eb nga vendet me cil\u00ebsin\u00eb m\u00eb t\u00eb lart\u00eb t\u00eb jetes\u00ebs. Keni koh\u00eb q\u00eb mendoni ta kaloni vendbanimin tuaj jasht\u00eb vendit? Ia vlen t\u00eb jetosh dhe t\u00eb punosh n\u00eb [&hellip;]<\/p>\n","protected":false},"author":1,"featured_media":0,"parent":0,"menu_order":0,"comment_status":"closed","ping_status":"closed","template":"","meta":{"footnotes":""},"class_list":["post-835","page","type-page","status-publish","hentry"],"_links":{"self":[{"href":"https:\/\/ifo.kompetenzchecks.at\/sq\/wp-json\/wp\/v2\/pages\/835","targetHints":{"allow":["GET"]}}],"collection":[{"href":"https:\/\/ifo.kompetenzchecks.at\/sq\/wp-json\/wp\/v2\/pages"}],"about":[{"href":"https:\/\/ifo.kompetenzchecks.at\/sq\/wp-json\/wp\/v2\/types\/page"}],"author":[{"embeddable":true,"href":"https:\/\/ifo.kompetenzchecks.at\/sq\/wp-json\/wp\/v2\/users\/1"}],"replies":[{"embeddable":true,"href":"https:\/\/ifo.kompetenzchecks.at\/sq\/wp-json\/wp\/v2\/comments?post=835"}],"version-history":[{"count":1,"href":"https:\/\/ifo.kompetenzchecks.at\/sq\/wp-json\/wp\/v2\/pages\/835\/revisions"}],"predecessor-version":[{"id":836,"href":"https:\/\/ifo.kompetenzchecks.at\/sq\/wp-json\/wp\/v2\/pages\/835\/revisions\/836"}],"wp:attachment":[{"href":"https:\/\/ifo.kompetenzchecks.at\/sq\/wp-json\/wp\/v2\/media?parent=835"}],"curies":[{"name":"wp","href":"https:\/\/api.w.org\/{rel}","templated":true}]}}